{"id":2,"date":"2020-12-11T05:49:12","date_gmt":"2020-12-11T05:49:12","guid":{"rendered":"https:\/\/box5261\/cgi\/addon_GT.cgi?s=GT::WP::Install::EIG+%28tubiznec%29+-+10.0.87.60+%5BWordPress%3b+\/var\/hp\/common\/lib\/WordPress.pm%3b+294%3b+Hosting::gap_call%5D\/?page_id=2"},"modified":"2020-12-21T02:59:19","modified_gmt":"2020-12-21T02:59:19","slug":"sample-page","status":"publish","type":"page","link":"https:\/\/raisainspecciones.com\/","title":{"rendered":"Inicio"},"content":{"rendered":"\n<h3 class=\"wp-block-heading\">Raisa Inspecciones<\/h3>\n\n\n\n<p>Somos una compa\u00f1\u00eda con m\u00e1s de 10 a\u00f1os de trayectoria, nos dedicamos a la realizaci\u00f3n de inspecci\u00f3n de pruebas destructivas y no destructivas en M\u00e9xico y el extranjero.<\/p>\n\n\n\n<h3 class=\"wp-block-heading\">Testimoniales<\/h3>\n\n\n\n<p>Son los mejores, siempre comprometidos, eficiencia y calidad. Muy recomendables y confiables<\/p>\n\n\n\n<p><\/p>\n\n\n\n<h3 class=\"wp-block-heading\">RAISA RADIOGRAFIAS E INSPECCION<\/h3>\n\n\n\n<p>RAISA RADIOGRAFIAS E INSPECCIONES DE SALAMANCA es una empresa joven de la regi\u00f3n del Baj\u00edo, ofreciendo servicio de pruebas no destructivas.<\/p>\n\n\n\n<p>RAISA &nbsp;ofrece est\u00e1ndares de certificaci\u00f3n internacionales en inspecci\u00f3n de soldadura en pruebas no destructivas y cuenta con inspectores de soldadura con amplio conocimiento t\u00e9cnico y experiencia en el campo, confiables y exigentes en su trabajo.<\/p>\n\n\n\n<figure class=\"wp-block-image size-large\"><img data-recalc-dims=\"1\" loading=\"lazy\" decoding=\"async\" width=\"400\" height=\"200\" src=\"https:\/\/i0.wp.com\/raisainspecciones.com\/wp-content\/uploads\/2020\/12\/raisaima1-1.jpg?resize=400%2C200&amp;ssl=1\" alt=\"\" class=\"wp-image-204\" srcset=\"https:\/\/i0.wp.com\/raisainspecciones.com\/wp-content\/uploads\/2020\/12\/raisaima1-1.jpg?w=400&amp;ssl=1 400w, https:\/\/i0.wp.com\/raisainspecciones.com\/wp-content\/uploads\/2020\/12\/raisaima1-1.jpg?resize=300%2C150&amp;ssl=1 300w\" sizes=\"(max-width: 400px) 100vw, 400px\" \/><\/figure>\n","protected":false},"excerpt":{"rendered":"<p>Raisa Inspecciones Somos una compa\u00f1\u00eda con m\u00e1s de 10 a\u00f1os de trayectoria, nos dedicamos a la realizaci\u00f3n de inspecci\u00f3n de pruebas destructivas y no destructivas en M\u00e9xico y el extranjero. Testimoniales Son los mejores, siempre comprometidos, eficiencia y calidad. Muy recomendables y confiables RAISA RADIOGRAFIAS E INSPECCION RAISA RADIOGRAFIAS E INSPECCIONES DE SALAMANCA es una [&hellip;]<\/p>\n","protected":false},"author":1,"featured_media":0,"parent":0,"menu_order":0,"comment_status":"closed","ping_status":"open","template":"tpl-home.php","meta":{"om_disable_all_campaigns":false,"_monsterinsights_skip_tracking":false,"_monsterinsights_sitenote_active":false,"_monsterinsights_sitenote_note":"","_monsterinsights_sitenote_category":0,"footnotes":""},"jetpack_sharing_enabled":true,"_links":{"self":[{"href":"https:\/\/raisainspecciones.com\/index.php?rest_route=\/wp\/v2\/pages\/2"}],"collection":[{"href":"https:\/\/raisainspecciones.com\/index.php?rest_route=\/wp\/v2\/pages"}],"about":[{"href":"https:\/\/raisainspecciones.com\/index.php?rest_route=\/wp\/v2\/types\/page"}],"author":[{"embeddable":true,"href":"https:\/\/raisainspecciones.com\/index.php?rest_route=\/wp\/v2\/users\/1"}],"replies":[{"embeddable":true,"href":"https:\/\/raisainspecciones.com\/index.php?rest_route=%2Fwp%2Fv2%2Fcomments&post=2"}],"version-history":[{"count":3,"href":"https:\/\/raisainspecciones.com\/index.php?rest_route=\/wp\/v2\/pages\/2\/revisions"}],"predecessor-version":[{"id":208,"href":"https:\/\/raisainspecciones.com\/index.php?rest_route=\/wp\/v2\/pages\/2\/revisions\/208"}],"wp:attachment":[{"href":"https:\/\/raisainspecciones.com\/index.php?rest_route=%2Fwp%2Fv2%2Fmedia&parent=2"}],"curies":[{"name":"wp","href":"https:\/\/api.w.org\/{rel}","templated":true}]}}